{"id":10348,"date":"2022-09-10T15:43:40","date_gmt":"2022-09-10T12:43:40","guid":{"rendered":"https:\/\/ddlmedikal.com\/?post_type=product&#038;p=10348"},"modified":"2024-09-23T15:32:57","modified_gmt":"2024-09-23T12:32:57","slug":"lifevit-multi-efervesan","status":"publish","type":"product","link":"https:\/\/ddlmedikal.com\/en\/u\/lifevit-multi-efervesan\/","title":{"rendered":"Lifevit Multi Efervesan"},"content":{"rendered":"<div class=\"elementor-accordion-item\">\n<div id=\"elementor-tab-content-2381\" class=\"elementor-tab-content elementor-clearfix elementor-active\" role=\"tabpanel\" data-tab=\"1\" aria-labelledby=\"elementor-tab-title-2381\">\n<p>C Vitamini, Beta Glukan, Kara M\u00fcrver ve \u00c7inko \u0130\u00e7eren Takviye Edici G\u0131da<\/p>\n<\/div>\n<\/div>\n","protected":false},"excerpt":{"rendered":"<p>Her Bir Efervesan Tablet: 500 Mg C Vitamini, 100 Mg Beta Glukan, 100 Mg Kara M\u00fcrver, 10 Mg \u00c7inko i\u00e7erir.<\/p>\n<p><strong><em>\u015eeker, Gluten, Alkol ve Koruyucu i\u00e7ermez.<\/em><\/strong><\/p>\n","protected":false},"featured_media":10945,"comment_status":"open","ping_status":"closed","template":"","meta":[],"product_brand":[],"product_cat":[74],"product_tag":[117,88,89,79,90,81],"class_list":{"0":"post-10348","1":"product","2":"type-product","3":"status-publish","4":"has-post-thumbnail","6":"product_cat-gida-takviyeleri","7":"product_tag-beta-glukan","8":"product_tag-c-vitamini","9":"product_tag-cinko","10":"product_tag-gida-takviyesi","11":"product_tag-kara-murver","12":"product_tag-takviye-edici-gida","14":"first","15":"instock","16":"shipping-taxable","17":"product-type-simple"},"_links":{"self":[{"href":"https:\/\/ddlmedikal.com\/en\/wp-json\/wp\/v2\/product\/10348","targetHints":{"allow":["GET"]}}],"collection":[{"href":"https:\/\/ddlmedikal.com\/en\/wp-json\/wp\/v2\/product"}],"about":[{"href":"https:\/\/ddlmedikal.com\/en\/wp-json\/wp\/v2\/types\/product"}],"replies":[{"embeddable":true,"href":"https:\/\/ddlmedikal.com\/en\/wp-json\/wp\/v2\/comments?post=10348"}],"version-history":[{"count":2,"href":"https:\/\/ddlmedikal.com\/en\/wp-json\/wp\/v2\/product\/10348\/revisions"}],"predecessor-version":[{"id":10351,"href":"https:\/\/ddlmedikal.com\/en\/wp-json\/wp\/v2\/product\/10348\/revisions\/10351"}],"wp:featuredmedia":[{"embeddable":true,"href":"https:\/\/ddlmedikal.com\/en\/wp-json\/wp\/v2\/media\/10945"}],"wp:attachment":[{"href":"https:\/\/ddlmedikal.com\/en\/wp-json\/wp\/v2\/media?parent=10348"}],"wp:term":[{"taxonomy":"product_brand","embeddable":true,"href":"https:\/\/ddlmedikal.com\/en\/wp-json\/wp\/v2\/product_brand?post=10348"},{"taxonomy":"product_cat","embeddable":true,"href":"https:\/\/ddlmedikal.com\/en\/wp-json\/wp\/v2\/product_cat?post=10348"},{"taxonomy":"product_tag","embeddable":true,"href":"https:\/\/ddlmedikal.com\/en\/wp-json\/wp\/v2\/product_tag?post=10348"}],"curies":[{"name":"wp","href":"https:\/\/api.w.org\/{rel}","templated":true}]}}