{"id":10316,"date":"2022-09-10T15:36:08","date_gmt":"2022-09-10T12:36:08","guid":{"rendered":"https:\/\/ddlmedikal.com\/?post_type=product&#038;p=10316"},"modified":"2022-09-10T15:36:08","modified_gmt":"2022-09-10T12:36:08","slug":"bosmax-3-katli-lastik-halkali-telli-ultrasonik-yuz-maskesi","status":"publish","type":"product","link":"https:\/\/ddlmedikal.com\/en\/u\/bosmax-3-katli-lastik-halkali-telli-ultrasonik-yuz-maskesi\/","title":{"rendered":"Bosmax 3 Katl\u0131 Lastik Halkal\u0131 Telli Ultrasonik Y\u00fcz Maskesi"},"content":{"rendered":"","protected":false},"excerpt":{"rendered":"<ul>\n<li>Ultrasonik G\u00f6vde \u2013 3 Katl\u0131 \u2013\u00a0 Burun Telli \u2013\u00a0 CE Belgeli<\/li>\n<li>Nonwoven kuma\u015ftan \u00fcretilmi\u015ftir.<\/li>\n<li>Gipe lastik kullan\u0131lm\u0131\u015ft\u0131r.<\/li>\n<li>Burun telli, ultrasonik diki\u015fli ve 3 katl\u0131 k\u00f6r\u00fckl\u00fcd\u00fcr.<\/li>\n<li>Tek kullan\u0131ml\u0131kt\u0131r.<\/li>\n<li>Hava ge\u00e7irir kolay nefes almay\u0131 sa\u011flar.<\/li>\n<li>Esnek, kokusuz ve yumu\u015fak olmas\u0131 ile y\u00fcze tam uyum sa\u011flar.<\/li>\n<\/ul>\n","protected":false},"featured_media":10317,"comment_status":"open","ping_status":"closed","template":"","meta":[],"product_brand":[],"product_cat":[96],"product_tag":[100,101,102,103],"class_list":{"0":"post-10316","1":"product","2":"type-product","3":"status-publish","4":"has-post-thumbnail","6":"product_cat-medikal-cihazlar","7":"product_tag-3-katli-maske","8":"product_tag-bosmax","9":"product_tag-bosmax-maske","10":"product_tag-cerrahi-maske","12":"first","13":"instock","14":"shipping-taxable","15":"product-type-simple"},"_links":{"self":[{"href":"https:\/\/ddlmedikal.com\/en\/wp-json\/wp\/v2\/product\/10316","targetHints":{"allow":["GET"]}}],"collection":[{"href":"https:\/\/ddlmedikal.com\/en\/wp-json\/wp\/v2\/product"}],"about":[{"href":"https:\/\/ddlmedikal.com\/en\/wp-json\/wp\/v2\/types\/product"}],"replies":[{"embeddable":true,"href":"https:\/\/ddlmedikal.com\/en\/wp-json\/wp\/v2\/comments?post=10316"}],"version-history":[{"count":1,"href":"https:\/\/ddlmedikal.com\/en\/wp-json\/wp\/v2\/product\/10316\/revisions"}],"predecessor-version":[{"id":10318,"href":"https:\/\/ddlmedikal.com\/en\/wp-json\/wp\/v2\/product\/10316\/revisions\/10318"}],"wp:featuredmedia":[{"embeddable":true,"href":"https:\/\/ddlmedikal.com\/en\/wp-json\/wp\/v2\/media\/10317"}],"wp:attachment":[{"href":"https:\/\/ddlmedikal.com\/en\/wp-json\/wp\/v2\/media?parent=10316"}],"wp:term":[{"taxonomy":"product_brand","embeddable":true,"href":"https:\/\/ddlmedikal.com\/en\/wp-json\/wp\/v2\/product_brand?post=10316"},{"taxonomy":"product_cat","embeddable":true,"href":"https:\/\/ddlmedikal.com\/en\/wp-json\/wp\/v2\/product_cat?post=10316"},{"taxonomy":"product_tag","embeddable":true,"href":"https:\/\/ddlmedikal.com\/en\/wp-json\/wp\/v2\/product_tag?post=10316"}],"curies":[{"name":"wp","href":"https:\/\/api.w.org\/{rel}","templated":true}]}}