{"id":10310,"date":"2022-09-10T15:34:04","date_gmt":"2022-09-10T12:34:04","guid":{"rendered":"https:\/\/ddlmedikal.com\/?post_type=product&#038;p=10310"},"modified":"2022-09-10T15:34:04","modified_gmt":"2022-09-10T12:34:04","slug":"oceanose-burun-spreyi","status":"publish","type":"product","link":"https:\/\/ddlmedikal.com\/en\/u\/oceanose-burun-spreyi\/","title":{"rendered":"Oceanose Burun Spreyi"},"content":{"rendered":"","protected":false},"excerpt":{"rendered":"<p><strong>Oceanose Okyanus Suyu Burun Spreyi 100 ml<\/strong><\/p>\n<p>\u00c7e\u015fitli sin\u00fcs problemlerinde, burun t\u0131kan\u0131kl\u0131\u011f\u0131nda, burun bo\u015flu\u011fu temizli\u011finde burun bo\u015fluklar\u0131n\u0131n korunmas\u0131na katk\u0131 sa\u011flama amac\u0131yla kullan\u0131l\u0131r.<\/p>\n","protected":false},"featured_media":10311,"comment_status":"open","ping_status":"closed","template":"","meta":[],"product_brand":[],"product_cat":[96],"product_tag":[97,98,99],"class_list":{"0":"post-10310","1":"product","2":"type-product","3":"status-publish","4":"has-post-thumbnail","6":"product_cat-medikal-cihazlar","7":"product_tag-burun-spreyi","8":"product_tag-oceanose","9":"product_tag-okyanus-suyu-burun-spreyi","11":"first","12":"instock","13":"shipping-taxable","14":"product-type-simple"},"_links":{"self":[{"href":"https:\/\/ddlmedikal.com\/en\/wp-json\/wp\/v2\/product\/10310","targetHints":{"allow":["GET"]}}],"collection":[{"href":"https:\/\/ddlmedikal.com\/en\/wp-json\/wp\/v2\/product"}],"about":[{"href":"https:\/\/ddlmedikal.com\/en\/wp-json\/wp\/v2\/types\/product"}],"replies":[{"embeddable":true,"href":"https:\/\/ddlmedikal.com\/en\/wp-json\/wp\/v2\/comments?post=10310"}],"version-history":[{"count":1,"href":"https:\/\/ddlmedikal.com\/en\/wp-json\/wp\/v2\/product\/10310\/revisions"}],"predecessor-version":[{"id":10312,"href":"https:\/\/ddlmedikal.com\/en\/wp-json\/wp\/v2\/product\/10310\/revisions\/10312"}],"wp:featuredmedia":[{"embeddable":true,"href":"https:\/\/ddlmedikal.com\/en\/wp-json\/wp\/v2\/media\/10311"}],"wp:attachment":[{"href":"https:\/\/ddlmedikal.com\/en\/wp-json\/wp\/v2\/media?parent=10310"}],"wp:term":[{"taxonomy":"product_brand","embeddable":true,"href":"https:\/\/ddlmedikal.com\/en\/wp-json\/wp\/v2\/product_brand?post=10310"},{"taxonomy":"product_cat","embeddable":true,"href":"https:\/\/ddlmedikal.com\/en\/wp-json\/wp\/v2\/product_cat?post=10310"},{"taxonomy":"product_tag","embeddable":true,"href":"https:\/\/ddlmedikal.com\/en\/wp-json\/wp\/v2\/product_tag?post=10310"}],"curies":[{"name":"wp","href":"https:\/\/api.w.org\/{rel}","templated":true}]}}