{"id":10301,"date":"2022-09-10T15:28:46","date_gmt":"2022-09-10T12:28:46","guid":{"rendered":"https:\/\/ddlmedikal.com\/?post_type=product&#038;p=10301"},"modified":"2024-09-23T15:35:10","modified_gmt":"2024-09-23T12:35:10","slug":"lifevit-c-1000-mg-efervesan","status":"publish","type":"product","link":"https:\/\/ddlmedikal.com\/en\/u\/lifevit-c-1000-mg-efervesan\/","title":{"rendered":"Lifevit C 1000 mg Efervesan"},"content":{"rendered":"<table width=\"375\">\n<tbody>\n<tr>\n<td rowspan=\"2\" width=\"212\"><strong>Etken Maddeler<\/strong><\/td>\n<td width=\"99\"><strong>Miktar<\/strong><\/td>\n<td rowspan=\"2\" width=\"64\"><strong>*BRD<\/strong><\/td>\n<\/tr>\n<tr>\n<td width=\"99\"><strong>Her 1 Efervesan Tablet<\/strong><\/td>\n<\/tr>\n<tr>\n<td width=\"212\">C Vitamini<\/td>\n<td width=\"99\">1000 mg<\/td>\n<td width=\"64\">% 1250<\/td>\n<\/tr>\n<tr>\n<td width=\"212\">\u00c7inko<\/td>\n<td width=\"99\">15 mg<\/td>\n<td width=\"64\">% 150<\/td>\n<\/tr>\n<tr>\n<td width=\"212\">D3 Vitamini<\/td>\n<td width=\"99\">10 mcg<\/td>\n<td width=\"64\">% 200<\/td>\n<\/tr>\n<\/tbody>\n<\/table>\n<p>*BRD: Beslenme Referans De\u011feri<\/p>\n<p><strong>Kullan\u0131m \u00d6nerisi: <\/strong>Yeti\u015fkinlerde, g\u00fcnde 1 kez 1 tabletin bir bardak suda eritilerek t\u00fcketilmesi \u00f6nerilir.<\/p>\n","protected":false},"excerpt":{"rendered":"<p><strong>Lifevit C 1000 mg 15 Efervesan Tablet<\/strong><\/p>\n<p>Lifevit C, C Vitamini, D Vitamini ve \u00c7inko i\u00e7eren bir g\u0131da takviyesidir.<\/p>\n","protected":false},"featured_media":10957,"comment_status":"open","ping_status":"closed","template":"","meta":[],"product_brand":[],"product_cat":[74],"product_tag":[88,89,91,79,81],"class_list":{"0":"post-10301","1":"product","2":"type-product","3":"status-publish","4":"has-post-thumbnail","6":"product_cat-gida-takviyeleri","7":"product_tag-c-vitamini","8":"product_tag-cinko","9":"product_tag-d-vitamini","10":"product_tag-gida-takviyesi","11":"product_tag-takviye-edici-gida","13":"first","14":"instock","15":"shipping-taxable","16":"product-type-simple"},"_links":{"self":[{"href":"https:\/\/ddlmedikal.com\/en\/wp-json\/wp\/v2\/product\/10301","targetHints":{"allow":["GET"]}}],"collection":[{"href":"https:\/\/ddlmedikal.com\/en\/wp-json\/wp\/v2\/product"}],"about":[{"href":"https:\/\/ddlmedikal.com\/en\/wp-json\/wp\/v2\/types\/product"}],"replies":[{"embeddable":true,"href":"https:\/\/ddlmedikal.com\/en\/wp-json\/wp\/v2\/comments?post=10301"}],"version-history":[{"count":1,"href":"https:\/\/ddlmedikal.com\/en\/wp-json\/wp\/v2\/product\/10301\/revisions"}],"predecessor-version":[{"id":10303,"href":"https:\/\/ddlmedikal.com\/en\/wp-json\/wp\/v2\/product\/10301\/revisions\/10303"}],"wp:featuredmedia":[{"embeddable":true,"href":"https:\/\/ddlmedikal.com\/en\/wp-json\/wp\/v2\/media\/10957"}],"wp:attachment":[{"href":"https:\/\/ddlmedikal.com\/en\/wp-json\/wp\/v2\/media?parent=10301"}],"wp:term":[{"taxonomy":"product_brand","embeddable":true,"href":"https:\/\/ddlmedikal.com\/en\/wp-json\/wp\/v2\/product_brand?post=10301"},{"taxonomy":"product_cat","embeddable":true,"href":"https:\/\/ddlmedikal.com\/en\/wp-json\/wp\/v2\/product_cat?post=10301"},{"taxonomy":"product_tag","embeddable":true,"href":"https:\/\/ddlmedikal.com\/en\/wp-json\/wp\/v2\/product_tag?post=10301"}],"curies":[{"name":"wp","href":"https:\/\/api.w.org\/{rel}","templated":true}]}}