{"id":10298,"date":"2022-09-10T15:27:06","date_gmt":"2022-09-10T12:27:06","guid":{"rendered":"https:\/\/ddlmedikal.com\/?post_type=product&#038;p=10298"},"modified":"2024-09-23T15:35:59","modified_gmt":"2024-09-23T12:35:59","slug":"neo-sambu-efervesan-tablet","status":"publish","type":"product","link":"https:\/\/ddlmedikal.com\/en\/u\/neo-sambu-efervesan-tablet\/","title":{"rendered":"Neo Sambu Efervesan Tablet"},"content":{"rendered":"<p>&nbsp;<\/p>\n<table width=\"311\">\n<tbody>\n<tr>\n<td rowspan=\"2\" width=\"212\"><strong>Etken Maddeler<\/strong><\/td>\n<td width=\"99\"><strong>Miktar<\/strong><\/td>\n<\/tr>\n<tr>\n<td width=\"99\"><strong>(10 ml \u00f6l\u00e7ek i\u00e7eri\u011fi)<\/strong><\/td>\n<\/tr>\n<tr>\n<td width=\"212\">Kara M\u00fcrver (Sambucus Nigra)<\/td>\n<td width=\"99\">150 Mg<\/td>\n<\/tr>\n<tr>\n<td width=\"212\">Vitamin C<\/td>\n<td width=\"99\">110 Mg<\/td>\n<\/tr>\n<tr>\n<td width=\"212\">\u00c7inko<\/td>\n<td width=\"99\">2,6 Mg<\/td>\n<\/tr>\n<\/tbody>\n<\/table>\n<p>&nbsp;<\/p>\n<p><strong>Kullan\u0131m \u00d6nerisi: <\/strong>Yeti\u015fkinlerde, g\u00fcnde 1 kez 1 tabletin bir bardak suda eritilerek t\u00fcketilmesi \u00f6nerilir.<\/p>\n","protected":false},"excerpt":{"rendered":"<p><strong>Neo Sambu 15 Efervesan Tablet<\/strong><\/p>\n<p>Neo Sambu Kara M\u00fcrver, C Vitamini ve \u00c7inko i\u00e7eren bir g\u0131da takviyesidir.<\/p>\n","protected":false},"featured_media":10961,"comment_status":"open","ping_status":"closed","template":"","meta":[],"product_brand":[],"product_cat":[74],"product_tag":[88,89,79,90,81],"class_list":{"0":"post-10298","1":"product","2":"type-product","3":"status-publish","4":"has-post-thumbnail","6":"product_cat-gida-takviyeleri","7":"product_tag-c-vitamini","8":"product_tag-cinko","9":"product_tag-gida-takviyesi","10":"product_tag-kara-murver","11":"product_tag-takviye-edici-gida","13":"first","14":"instock","15":"shipping-taxable","16":"product-type-simple"},"_links":{"self":[{"href":"https:\/\/ddlmedikal.com\/en\/wp-json\/wp\/v2\/product\/10298","targetHints":{"allow":["GET"]}}],"collection":[{"href":"https:\/\/ddlmedikal.com\/en\/wp-json\/wp\/v2\/product"}],"about":[{"href":"https:\/\/ddlmedikal.com\/en\/wp-json\/wp\/v2\/types\/product"}],"replies":[{"embeddable":true,"href":"https:\/\/ddlmedikal.com\/en\/wp-json\/wp\/v2\/comments?post=10298"}],"version-history":[{"count":1,"href":"https:\/\/ddlmedikal.com\/en\/wp-json\/wp\/v2\/product\/10298\/revisions"}],"predecessor-version":[{"id":10300,"href":"https:\/\/ddlmedikal.com\/en\/wp-json\/wp\/v2\/product\/10298\/revisions\/10300"}],"wp:featuredmedia":[{"embeddable":true,"href":"https:\/\/ddlmedikal.com\/en\/wp-json\/wp\/v2\/media\/10961"}],"wp:attachment":[{"href":"https:\/\/ddlmedikal.com\/en\/wp-json\/wp\/v2\/media?parent=10298"}],"wp:term":[{"taxonomy":"product_brand","embeddable":true,"href":"https:\/\/ddlmedikal.com\/en\/wp-json\/wp\/v2\/product_brand?post=10298"},{"taxonomy":"product_cat","embeddable":true,"href":"https:\/\/ddlmedikal.com\/en\/wp-json\/wp\/v2\/product_cat?post=10298"},{"taxonomy":"product_tag","embeddable":true,"href":"https:\/\/ddlmedikal.com\/en\/wp-json\/wp\/v2\/product_tag?post=10298"}],"curies":[{"name":"wp","href":"https:\/\/api.w.org\/{rel}","templated":true}]}}