{"id":10295,"date":"2022-09-10T15:25:33","date_gmt":"2022-09-10T12:25:33","guid":{"rendered":"https:\/\/ddlmedikal.com\/?post_type=product&#038;p=10295"},"modified":"2022-09-13T17:08:01","modified_gmt":"2022-09-13T14:08:01","slug":"melanight-melatonin","status":"publish","type":"product","link":"https:\/\/ddlmedikal.com\/en\/u\/melanight-melatonin\/","title":{"rendered":"Melanight Melatonin"},"content":{"rendered":"<table width=\"311\">\n<tbody>\n<tr>\n<td rowspan=\"2\" width=\"212\"><strong>Etken Maddeler<\/strong><\/td>\n<td width=\"99\"><strong>Miktar<\/strong><\/td>\n<\/tr>\n<tr>\n<td width=\"99\"><strong>(1Tablet)<\/strong><\/td>\n<\/tr>\n<tr>\n<td width=\"212\">Melatonin<\/td>\n<td width=\"99\">3 mg<\/td>\n<\/tr>\n<\/tbody>\n<\/table>\n<p>&nbsp;<\/p>\n<p><strong>Kullan\u0131m \u00d6nerisi: <\/strong>Yeti\u015fkinler i\u00e7in uyumadan \u00f6nce, g\u00fcnde 1 tablet \u015feklinde ve bol su ile t\u00fcketilmesi tavsiye edilir.<\/p>\n","protected":false},"excerpt":{"rendered":"<p><strong>Melanight Melatonin 90 Tablet<\/strong><\/p>\n<p>Melanight Melatonin, her tablette 3 mg melatonin i\u00e7eren yerli \u00fcretim bir g\u0131da takviyesidir.<\/p>\n","protected":false},"featured_media":10296,"comment_status":"open","ping_status":"closed","template":"","meta":[],"product_brand":[],"product_cat":[74],"product_tag":[86,87,85],"class_list":{"0":"post-10295","1":"product","2":"type-product","3":"status-publish","4":"has-post-thumbnail","6":"product_cat-gida-takviyeleri","7":"product_tag-melatonin","8":"product_tag-melatonin-ek-besin","9":"product_tag-melatonin-takviyesi","11":"first","12":"instock","13":"shipping-taxable","14":"product-type-simple"},"_links":{"self":[{"href":"https:\/\/ddlmedikal.com\/en\/wp-json\/wp\/v2\/product\/10295","targetHints":{"allow":["GET"]}}],"collection":[{"href":"https:\/\/ddlmedikal.com\/en\/wp-json\/wp\/v2\/product"}],"about":[{"href":"https:\/\/ddlmedikal.com\/en\/wp-json\/wp\/v2\/types\/product"}],"replies":[{"embeddable":true,"href":"https:\/\/ddlmedikal.com\/en\/wp-json\/wp\/v2\/comments?post=10295"}],"version-history":[{"count":2,"href":"https:\/\/ddlmedikal.com\/en\/wp-json\/wp\/v2\/product\/10295\/revisions"}],"predecessor-version":[{"id":10897,"href":"https:\/\/ddlmedikal.com\/en\/wp-json\/wp\/v2\/product\/10295\/revisions\/10897"}],"wp:featuredmedia":[{"embeddable":true,"href":"https:\/\/ddlmedikal.com\/en\/wp-json\/wp\/v2\/media\/10296"}],"wp:attachment":[{"href":"https:\/\/ddlmedikal.com\/en\/wp-json\/wp\/v2\/media?parent=10295"}],"wp:term":[{"taxonomy":"product_brand","embeddable":true,"href":"https:\/\/ddlmedikal.com\/en\/wp-json\/wp\/v2\/product_brand?post=10295"},{"taxonomy":"product_cat","embeddable":true,"href":"https:\/\/ddlmedikal.com\/en\/wp-json\/wp\/v2\/product_cat?post=10295"},{"taxonomy":"product_tag","embeddable":true,"href":"https:\/\/ddlmedikal.com\/en\/wp-json\/wp\/v2\/product_tag?post=10295"}],"curies":[{"name":"wp","href":"https:\/\/api.w.org\/{rel}","templated":true}]}}