{"id":10292,"date":"2022-09-10T15:23:44","date_gmt":"2022-09-10T12:23:44","guid":{"rendered":"https:\/\/ddlmedikal.com\/?post_type=product&#038;p=10292"},"modified":"2024-09-23T15:41:36","modified_gmt":"2024-09-23T12:41:36","slug":"lifevit-mom-omega","status":"publish","type":"product","link":"https:\/\/ddlmedikal.com\/en\/u\/lifevit-mom-omega\/","title":{"rendered":"Lifevit Mom Omega"},"content":{"rendered":"<table width=\"375\">\n<tbody>\n<tr>\n<td rowspan=\"2\" width=\"212\"><strong>Etken Maddeler<\/strong><\/td>\n<td width=\"99\"><strong>Miktar<\/strong><\/td>\n<td rowspan=\"2\" width=\"64\"><strong>*BRD<\/strong><\/td>\n<\/tr>\n<tr>\n<td width=\"99\"><strong>(1 Kaps\u00fcl)<\/strong><\/td>\n<\/tr>\n<tr>\n<td width=\"212\">Bal\u0131k Ya\u011f\u0131<\/td>\n<td width=\"99\">400 mg<\/td>\n<td width=\"64\">*<\/td>\n<\/tr>\n<tr>\n<td width=\"212\">\u00a0-Dokosaheksaenoik asit (DHA)<\/td>\n<td width=\"99\">200 mg<\/td>\n<td width=\"64\">*<\/td>\n<\/tr>\n<tr>\n<td width=\"212\">\u00a0-Di\u011fer Ya\u011f Asitleri<\/td>\n<td width=\"99\">160 mg<\/td>\n<td width=\"64\">*<\/td>\n<\/tr>\n<tr>\n<td width=\"212\">\u00a0-Eikosapentaenoik Asit (EPA)<\/td>\n<td width=\"99\">40 mg<\/td>\n<td width=\"64\">*<\/td>\n<\/tr>\n<tr>\n<td width=\"212\">Demir<\/td>\n<td width=\"99\">17 mg<\/td>\n<td width=\"64\">*<\/td>\n<\/tr>\n<tr>\n<td width=\"212\">Vitamin B3<\/td>\n<td width=\"99\">16 mg<\/td>\n<td width=\"64\">*<\/td>\n<\/tr>\n<tr>\n<td width=\"212\">\u00c7inko<\/td>\n<td width=\"99\">10 mg<\/td>\n<td width=\"64\">*<\/td>\n<\/tr>\n<tr>\n<td width=\"212\">Vitamin B5<\/td>\n<td width=\"99\">6 mg<\/td>\n<td width=\"64\">*<\/td>\n<\/tr>\n<tr>\n<td width=\"212\">Vitamin B6<\/td>\n<td width=\"99\">1,40 mg<\/td>\n<td width=\"64\">*<\/td>\n<\/tr>\n<tr>\n<td width=\"212\">Vitamin B2<\/td>\n<td width=\"99\">1,4 mg<\/td>\n<td width=\"64\">*<\/td>\n<\/tr>\n<tr>\n<td width=\"212\">Bak\u0131r<\/td>\n<td width=\"99\">1,2 mg<\/td>\n<td width=\"64\">*<\/td>\n<\/tr>\n<tr>\n<td width=\"212\">Vitamin B1<\/td>\n<td width=\"99\">1,1 mg<\/td>\n<td width=\"64\">*<\/td>\n<\/tr>\n<tr>\n<td width=\"212\">Folik Asit<\/td>\n<td width=\"99\">400 mcg<\/td>\n<td width=\"64\">*<\/td>\n<\/tr>\n<tr>\n<td width=\"212\">\u0130yot<\/td>\n<td width=\"99\">150 mcg<\/td>\n<td width=\"64\">*<\/td>\n<\/tr>\n<tr>\n<td width=\"212\">Selenyum<\/td>\n<td width=\"99\">55 mcg<\/td>\n<td width=\"64\">*<\/td>\n<\/tr>\n<\/tbody>\n<\/table>\n<p>&nbsp;<\/p>\n<p>BRD: Beslenme Referans De\u011feri. *G\u00fcnl\u00fck de\u011fer belirlenmemi\u015ftir.<\/p>\n<p><strong>Kullan\u0131m \u00d6nerisi: <\/strong>G\u00fcnde 1 Kaps\u00fcl t\u00fcketilmesi \u00f6nerilir.<\/p>\n","protected":false},"excerpt":{"rendered":"<p><strong>Lifevit Mom Omega 30 Tablet<\/strong><\/p>\n<p>Lifevit Mom Omega, omega 3, vitamin ve mineral i\u00e7eren bir g\u0131da takviyesidir.<\/p>\n","protected":false},"featured_media":10971,"comment_status":"open","ping_status":"closed","template":"","meta":[],"product_brand":[],"product_cat":[74],"product_tag":[82,83,84],"class_list":{"0":"post-10292","1":"product","2":"type-product","3":"status-publish","4":"has-post-thumbnail","6":"product_cat-gida-takviyeleri","7":"product_tag-lifevit-mom","8":"product_tag-mieral-iceren-takviye","9":"product_tag-omega-3","11":"first","12":"instock","13":"shipping-taxable","14":"product-type-simple"},"_links":{"self":[{"href":"https:\/\/ddlmedikal.com\/en\/wp-json\/wp\/v2\/product\/10292","targetHints":{"allow":["GET"]}}],"collection":[{"href":"https:\/\/ddlmedikal.com\/en\/wp-json\/wp\/v2\/product"}],"about":[{"href":"https:\/\/ddlmedikal.com\/en\/wp-json\/wp\/v2\/types\/product"}],"replies":[{"embeddable":true,"href":"https:\/\/ddlmedikal.com\/en\/wp-json\/wp\/v2\/comments?post=10292"}],"version-history":[{"count":1,"href":"https:\/\/ddlmedikal.com\/en\/wp-json\/wp\/v2\/product\/10292\/revisions"}],"predecessor-version":[{"id":10294,"href":"https:\/\/ddlmedikal.com\/en\/wp-json\/wp\/v2\/product\/10292\/revisions\/10294"}],"wp:featuredmedia":[{"embeddable":true,"href":"https:\/\/ddlmedikal.com\/en\/wp-json\/wp\/v2\/media\/10971"}],"wp:attachment":[{"href":"https:\/\/ddlmedikal.com\/en\/wp-json\/wp\/v2\/media?parent=10292"}],"wp:term":[{"taxonomy":"product_brand","embeddable":true,"href":"https:\/\/ddlmedikal.com\/en\/wp-json\/wp\/v2\/product_brand?post=10292"},{"taxonomy":"product_cat","embeddable":true,"href":"https:\/\/ddlmedikal.com\/en\/wp-json\/wp\/v2\/product_cat?post=10292"},{"taxonomy":"product_tag","embeddable":true,"href":"https:\/\/ddlmedikal.com\/en\/wp-json\/wp\/v2\/product_tag?post=10292"}],"curies":[{"name":"wp","href":"https:\/\/api.w.org\/{rel}","templated":true}]}}