{"id":10289,"date":"2022-09-10T15:21:53","date_gmt":"2022-09-10T12:21:53","guid":{"rendered":"https:\/\/ddlmedikal.com\/?post_type=product&#038;p=10289"},"modified":"2025-10-16T12:54:22","modified_gmt":"2025-10-16T09:54:22","slug":"lifevit-alfa-koenzim-q10-ve-alfa-lipoik-asit","status":"publish","type":"product","link":"https:\/\/ddlmedikal.com\/en\/u\/lifevit-alfa-koenzim-q10-ve-alfa-lipoik-asit\/","title":{"rendered":"Lifevit Alfa Koenzim Q10 ve Alfa Lipoik Asit"},"content":{"rendered":"<table width=\"349\">\n<tbody>\n<tr>\n<td rowspan=\"2\" width=\"187\"><strong>Etken Maddeler<\/strong><\/td>\n<td width=\"99\"><strong>Miktar<\/strong><\/td>\n<td rowspan=\"2\" width=\"64\"><strong>*BRD<\/strong><\/td>\n<\/tr>\n<tr>\n<td width=\"99\"><strong>(1Tablet)<\/strong><\/td>\n<\/tr>\n<tr>\n<td width=\"187\">Koenzim Q10<\/td>\n<td width=\"99\">100 mg<\/td>\n<td width=\"64\"><strong>*<\/strong><\/td>\n<\/tr>\n<tr>\n<td width=\"187\">Alfa Lipoik Asit<\/td>\n<td width=\"99\">250 mg<\/td>\n<td width=\"64\"><strong>*<\/strong><\/td>\n<\/tr>\n<\/tbody>\n<\/table>\n<p>&nbsp;<\/p>\n<p>BRD: Beslenme Referans De\u011feri. *G\u00fcnl\u00fck de\u011fer belirlenmemi\u015ftir.<\/p>\n<p><strong>Kullan\u0131m \u00d6nerisi: <\/strong>Yeti\u015fkinler i\u00e7in tok karn\u0131na g\u00fcnde 1 tablet t\u00fcketilmesi \u00f6nerilir.<\/p>\n","protected":false},"excerpt":{"rendered":"<p><strong>Lifevit Alfa Koenzim Q10 ve Alfa Lipoik Asit 30 Tablet<\/strong><\/p>\n<p>Lifevit Alfa Koenzim Q10 ve Alfa Lipoik Asit i\u00e7eren bir g\u0131da takviyesidir.<\/p>\n","protected":false},"featured_media":10992,"comment_status":"open","ping_status":"closed","template":"","meta":[],"product_brand":[],"product_cat":[74],"product_tag":[78,79,80,81],"class_list":{"0":"post-10289","1":"product","2":"type-product","3":"status-publish","4":"has-post-thumbnail","6":"product_cat-gida-takviyeleri","7":"product_tag-alfa-lipoik-asit","8":"product_tag-gida-takviyesi","9":"product_tag-koenzim-q10","10":"product_tag-takviye-edici-gida","12":"first","13":"instock","14":"shipping-taxable","15":"product-type-simple"},"_links":{"self":[{"href":"https:\/\/ddlmedikal.com\/en\/wp-json\/wp\/v2\/product\/10289","targetHints":{"allow":["GET"]}}],"collection":[{"href":"https:\/\/ddlmedikal.com\/en\/wp-json\/wp\/v2\/product"}],"about":[{"href":"https:\/\/ddlmedikal.com\/en\/wp-json\/wp\/v2\/types\/product"}],"replies":[{"embeddable":true,"href":"https:\/\/ddlmedikal.com\/en\/wp-json\/wp\/v2\/comments?post=10289"}],"version-history":[{"count":1,"href":"https:\/\/ddlmedikal.com\/en\/wp-json\/wp\/v2\/product\/10289\/revisions"}],"predecessor-version":[{"id":10291,"href":"https:\/\/ddlmedikal.com\/en\/wp-json\/wp\/v2\/product\/10289\/revisions\/10291"}],"wp:featuredmedia":[{"embeddable":true,"href":"https:\/\/ddlmedikal.com\/en\/wp-json\/wp\/v2\/media\/10992"}],"wp:attachment":[{"href":"https:\/\/ddlmedikal.com\/en\/wp-json\/wp\/v2\/media?parent=10289"}],"wp:term":[{"taxonomy":"product_brand","embeddable":true,"href":"https:\/\/ddlmedikal.com\/en\/wp-json\/wp\/v2\/product_brand?post=10289"},{"taxonomy":"product_cat","embeddable":true,"href":"https:\/\/ddlmedikal.com\/en\/wp-json\/wp\/v2\/product_cat?post=10289"},{"taxonomy":"product_tag","embeddable":true,"href":"https:\/\/ddlmedikal.com\/en\/wp-json\/wp\/v2\/product_tag?post=10289"}],"curies":[{"name":"wp","href":"https:\/\/api.w.org\/{rel}","templated":true}]}}